{"id":2,"date":"2019-10-04T13:37:13","date_gmt":"2019-10-04T13:37:13","guid":{"rendered":"http:\/\/www.hancerliasm.com\/index.php\/homepage\/"},"modified":"2026-03-07T18:52:26","modified_gmt":"2026-03-07T18:52:26","slug":"homepage","status":"publish","type":"page","link":"http:\/\/www.hancerliasm.com\/","title":{"rendered":"Anasayfa"},"content":{"rendered":"\n<div class=\"wp-block-citadela-blocks-custom-container citadela-block-custom-container size-wide bg-type-image inside-space-none bg-size-cover has-overlay\"><div class=\"bg-image-wrapper\" style=\"background-image:url(http:\/\/www.hancerliasm.com\/wp-content\/uploads\/2019\/10\/background-header-2.jpg);background-repeat:no-repeat;background-position:63% 35%\"><\/div><div class=\"bg-image-overlay\" style=\"background-color:#eefaff;opacity:0.1\"><\/div><div class=\"inner-holder\">\n<div class=\"wp-block-citadela-blocks-spacer citadela-block-spacer responsive-options loading\" data-block-attr=\"{&quot;desktop&quot;:{&quot;height&quot;:&quot;7vw&quot;},&quot;mobile&quot;:{&quot;height&quot;:&quot;60px&quot;}}\" data-block-mobile-breakpoint=\"880\"><div class=\"inner-holder\" style=\"padding-top:7vw\"><\/div><\/div>\n\n\n\n<div class=\"wp-block-columns has-2-columns is-layout-flex wp-container-core-columns-is-layout-1 wp-block-columns-is-layout-flex\">\n<div class=\"wp-block-column is-vertically-aligned-center is-layout-flow wp-block-column-is-layout-flow\">         <div \r\n            class=\"citadela-block-responsive-text weight-700 align-left no-margins responsive-options loading\"\r\n            data-block-mobile-attr=\"{&quot;desktop&quot;:{&quot;fontSize&quot;:&quot;52px&quot;},&quot;mobile&quot;:{&quot;fontSize&quot;:&quot;36px&quot;}}\"            data-block-mobile-breakpoint=\"880\"         >\r\n            <h1 class=\"inner-tag\" style=\"font-size: 52px; font-weight: 700;\"><font dir=\"auto\" style=\"vertical-align: inherit;\"><font dir=\"auto\" style=\"vertical-align: inherit;\">Misyonumuz<\/font><\/font><\/h1>         <\/div>\r\n      \n\n\n<div class=\"wp-block-citadela-blocks-spacer citadela-block-spacer\"><div class=\"inner-holder\" style=\"padding-top:25px\"><\/div><\/div>\n\n\n         <div \r\n            class=\"citadela-block-responsive-text align-left\"\r\n                                 >\r\n            <p class=\"inner-tag\" style=\"line-height: 1.75;\"><font dir=\"auto\" style=\"vertical-align: inherit;\"><font dir=\"auto\" style=\"vertical-align: inherit;\">HAN\u00c7ERL\u0130 Aile Sa\u011fl\u0131\u011f\u0131 Merkezi olarak kay\u0131tl\u0131 n\u00fcfusumuzun sa\u011fl\u0131\u011f\u0131n\u0131 geli\u015ftirmek, korumak, tedavi etmek ve rehabilitasyonu i\u00e7in, sa\u011fl\u0131k hizmetine katk\u0131 sa\u011flayan t\u00fcm toplum kaynaklar\u0131 ile i\u015fbirli\u011fi i\u00e7inde olarak, bilimin g\u00fcncel katk\u0131s\u0131na a\u00e7\u0131k, g\u00fcvenilir, g\u00fcler y\u00fczl\u00fc, ileti\u015fime ve geli\u015fmeye a\u00e7\u0131k, kolay ula\u015f\u0131lan, sa\u011fl\u0131\u011f\u0131 vazge\u00e7ilmez bir insan hakk\u0131 olarak&#8230; <\/font><\/font><\/p>         <\/div>\r\n      \n\n\n<div class=\"wp-block-citadela-blocks-spacer citadela-block-spacer\"><div class=\"inner-holder\" style=\"padding-top:20px\"><\/div><\/div>\n\n\n\n<div class=\"wp-block-buttons is-layout-flex wp-block-buttons-is-layout-flex\">\n<div class=\"wp-block-button\"><a class=\"wp-block-button__link has-background wp-element-button\" href=\"http:\/\/www.hancerliasm.com\/meet-your-doctor\/\" style=\"background-color:#ff0072\"><strong>D<\/strong>oktorlar\u0131m\u0131z<\/a><\/div>\n<\/div>\n\n\n\n<div class=\"wp-block-citadela-blocks-spacer citadela-block-spacer responsive-options loading\" data-block-attr=\"{&quot;desktop&quot;:{&quot;height&quot;:&quot;0px&quot;},&quot;mobile&quot;:{&quot;height&quot;:&quot;50px&quot;}}\" data-block-mobile-breakpoint=\"600\"><div class=\"inner-holder\" style=\"padding-top:0px\"><\/div><\/div>\n<\/div>\n\n\n\n<div class=\"wp-block-column is-layout-flow wp-block-column-is-layout-flow\">\n<figure class=\"wp-block-gallery has-nested-images columns-0 is-cropped wp-block-gallery-1 is-layout-flex wp-block-gallery-is-layout-flex\">\n<figure class=\"wp-block-image size-large\"><img loading=\"lazy\" decoding=\"async\" width=\"1024\" height=\"683\" src=\"http:\/\/www.hancerliasm.com\/wp-content\/uploads\/2025\/10\/DSC_3429-1024x683.jpg\" alt=\"\" class=\"wp-image-1762\" srcset=\"http:\/\/www.hancerliasm.com\/wp-content\/uploads\/2025\/10\/DSC_3429-1024x683.jpg 1024w, http:\/\/www.hancerliasm.com\/wp-content\/uploads\/2025\/10\/DSC_3429-300x200.jpg 300w, http:\/\/www.hancerliasm.com\/wp-content\/uploads\/2025\/10\/DSC_3429-768x512.jpg 768w, http:\/\/www.hancerliasm.com\/wp-content\/uploads\/2025\/10\/DSC_3429-1536x1024.jpg 1536w, http:\/\/www.hancerliasm.com\/wp-content\/uploads\/2025\/10\/DSC_3429-2048x1365.jpg 2048w\" sizes=\"auto, (max-width: 1024px) 100vw, 1024px\" \/><\/figure>\n\n\n\n<figure class=\"wp-block-image size-large\"><img loading=\"lazy\" decoding=\"async\" width=\"1024\" height=\"683\" src=\"http:\/\/www.hancerliasm.com\/wp-content\/uploads\/2025\/10\/DSC_3424-1024x683.jpg\" alt=\"\" class=\"wp-image-1763\" srcset=\"http:\/\/www.hancerliasm.com\/wp-content\/uploads\/2025\/10\/DSC_3424-1024x683.jpg 1024w, http:\/\/www.hancerliasm.com\/wp-content\/uploads\/2025\/10\/DSC_3424-300x200.jpg 300w, http:\/\/www.hancerliasm.com\/wp-content\/uploads\/2025\/10\/DSC_3424-768x512.jpg 768w, http:\/\/www.hancerliasm.com\/wp-content\/uploads\/2025\/10\/DSC_3424-1536x1024.jpg 1536w, http:\/\/www.hancerliasm.com\/wp-content\/uploads\/2025\/10\/DSC_3424-2048x1365.jpg 2048w\" sizes=\"auto, (max-width: 1024px) 100vw, 1024px\" \/><\/figure>\n\n\n\n<figure class=\"wp-block-image size-large\"><img loading=\"lazy\" decoding=\"async\" width=\"1024\" height=\"683\" src=\"http:\/\/www.hancerliasm.com\/wp-content\/uploads\/2025\/10\/DSC_3430-1024x683.jpg\" alt=\"\" class=\"wp-image-1764\" srcset=\"http:\/\/www.hancerliasm.com\/wp-content\/uploads\/2025\/10\/DSC_3430-1024x683.jpg 1024w, http:\/\/www.hancerliasm.com\/wp-content\/uploads\/2025\/10\/DSC_3430-300x200.jpg 300w, http:\/\/www.hancerliasm.com\/wp-content\/uploads\/2025\/10\/DSC_3430-768x512.jpg 768w, http:\/\/www.hancerliasm.com\/wp-content\/uploads\/2025\/10\/DSC_3430-1536x1024.jpg 1536w, http:\/\/www.hancerliasm.com\/wp-content\/uploads\/2025\/10\/DSC_3430-2048x1365.jpg 2048w\" sizes=\"auto, (max-width: 1024px) 100vw, 1024px\" \/><\/figure>\n\n\n\n<figure class=\"wp-block-image size-large\"><img loading=\"lazy\" decoding=\"async\" width=\"1024\" height=\"683\" src=\"http:\/\/www.hancerliasm.com\/wp-content\/uploads\/2025\/10\/DSC_3428-1024x683.jpg\" alt=\"\" class=\"wp-image-1765\" srcset=\"http:\/\/www.hancerliasm.com\/wp-content\/uploads\/2025\/10\/DSC_3428-1024x683.jpg 1024w, http:\/\/www.hancerliasm.com\/wp-content\/uploads\/2025\/10\/DSC_3428-300x200.jpg 300w, http:\/\/www.hancerliasm.com\/wp-content\/uploads\/2025\/10\/DSC_3428-768x512.jpg 768w, http:\/\/www.hancerliasm.com\/wp-content\/uploads\/2025\/10\/DSC_3428-1536x1024.jpg 1536w, http:\/\/www.hancerliasm.com\/wp-content\/uploads\/2025\/10\/DSC_3428-2048x1365.jpg 2048w\" sizes=\"auto, (max-width: 1024px) 100vw, 1024px\" \/><\/figure>\n<\/figure>\n<\/div>\n<\/div>\n\n\n\n<div class=\"wp-block-citadela-blocks-spacer citadela-block-spacer responsive-options loading\" data-block-attr=\"{&quot;desktop&quot;:{&quot;height&quot;:&quot;5vw&quot;},&quot;mobile&quot;:{&quot;height&quot;:&quot;30px&quot;}}\" data-block-mobile-breakpoint=\"880\"><div class=\"inner-holder\" style=\"padding-top:5vw\"><\/div><\/div>\n<\/div><\/div>\n\n\n\n<div class=\"wp-block-citadela-blocks-custom-container citadela-block-custom-container size-wide bg-type-color inside-space-none has-bg\" style=\"background-color:#2360d1\"><div class=\"inner-holder\">\n<div class=\"wp-block-columns has-3-columns is-layout-flex wp-container-core-columns-is-layout-2 wp-block-columns-is-layout-flex\">\n<div class=\"wp-block-column is-layout-flow wp-block-column-is-layout-flow\">\n<div class=\"wp-block-citadela-blocks-service citadela-block-service main-holder layout-box header-type-icon standard\"><div class=\"service-header\"><div class=\"service-icon\"><i class=\"fas fa-briefcase-medical\" style=\"color:#ffffff\"><\/i><\/div><\/div><div class=\"service-content\"><div class=\"service-content-wrap\"><h3 class=\"service-title\" style=\"color:#ffffff\">Koruyucu Sa\u011fl\u0131k Hizmetleri<\/h3><\/div><\/div><\/div>\n<\/div>\n\n\n\n<div class=\"wp-block-column is-layout-flow wp-block-column-is-layout-flow\">\n<div class=\"wp-block-citadela-blocks-service citadela-block-service main-holder layout-box header-type-icon standard\"><div class=\"service-header\"><div class=\"service-icon\"><i class=\"fas fa-clock\" style=\"color:#ffffff\"><\/i><\/div><\/div><div class=\"service-content\"><div class=\"service-content-wrap\"><h3 class=\"service-title\" style=\"color:#ffffff\">Haftai\u00e7i Herg\u00fcn Poliklinik Hizmeti<\/h3><\/div><\/div><\/div>\n<\/div>\n\n\n\n<div class=\"wp-block-column is-layout-flow wp-block-column-is-layout-flow\">\n<div class=\"wp-block-citadela-blocks-service citadela-block-service main-holder layout-box header-type-icon standard\"><div class=\"service-header\"><div class=\"service-icon\"><i class=\"fas fa-phone\" style=\"color:#ffffff\"><\/i><\/div><\/div><div class=\"service-content\"><div class=\"service-content-wrap\"><h3 class=\"service-title\" style=\"color:#ffffff\">(0362) 447 22 21<br\/><\/h3><\/div><\/div><\/div>\n<\/div>\n<\/div>\n\n\n\n<div class=\"wp-block-citadela-blocks-spacer citadela-block-spacer\"><div class=\"inner-holder\" style=\"padding-top:35px\"><\/div><\/div>\n<\/div><\/div>\n\n\n\n<div class=\"wp-block-citadela-blocks-custom-container citadela-block-custom-container size-content bg-type-color inside-space-none has-bg\" style=\"background-color:#ffffff\"><div class=\"inner-holder\">\n<div style=\"height:60px\" aria-hidden=\"true\" class=\"wp-block-spacer\"><\/div>\n\n\n\n<h2 class=\"wp-block-heading has-text-align-center\"><\/h2>\n\n\n\n<div style=\"height:20px\" aria-hidden=\"true\" class=\"wp-block-spacer\"><\/div>\n\n\n\n<figure class=\"wp-block-image size-full\"><img loading=\"lazy\" decoding=\"async\" width=\"750\" height=\"519\" src=\"http:\/\/www.hancerliasm.com\/wp-content\/uploads\/2026\/03\/esnek-mesai.png\" alt=\"\" class=\"wp-image-1816\" srcset=\"http:\/\/www.hancerliasm.com\/wp-content\/uploads\/2026\/03\/esnek-mesai.png 750w, http:\/\/www.hancerliasm.com\/wp-content\/uploads\/2026\/03\/esnek-mesai-300x208.png 300w\" sizes=\"auto, (max-width: 750px) 100vw, 750px\" \/><\/figure>\n<\/div><\/div>\n\n\n\n<div style=\"height:50px\" aria-hidden=\"true\" class=\"wp-block-spacer\"><\/div>\n\n\n\n<div class=\"wp-block-citadela-blocks-custom-container citadela-block-custom-container size-content bg-type-none inside-space-none\"><div class=\"inner-holder\">\n<h2 class=\"wp-block-heading has-text-align-center\"><strong>D\u011fier Hizmetlerimiz<\/strong><\/h2>\n\n\n\n<p class=\"has-text-align-center\"><\/p>\n\n\n\n<p><\/p>\n<\/div><\/div>\n\n\n\n<div class=\"wp-block-citadela-blocks-custom-container citadela-block-custom-container size-wide bg-type-none inside-space-none\"><div class=\"inner-holder\">\n<div class=\"wp-block-columns alignwide has-3-columns is-layout-flex wp-container-core-columns-is-layout-3 wp-block-columns-is-layout-flex\">\n<div class=\"wp-block-column is-layout-flow wp-block-column-is-layout-flow\">\n<div class=\"wp-block-citadela-blocks-service citadela-block-service main-holder layout-box header-type-image standard\"><div class=\"service-header\"><div class=\"service-image\"><a href=\"http:\/\/www.hancerliasm.com\/index.php\/homepage\/koruyucu-saglik\/\"><img loading=\"lazy\" decoding=\"async\" src=\"http:\/\/www.hancerliasm.com\/wp-content\/uploads\/2026\/03\/kanser.jpg\" alt=\"\" width=\"126\" height=\"77\" data-id=\"1824\" data-full-url=\"http:\/\/www.hancerliasm.com\/wp-content\/uploads\/2026\/03\/kanser.jpg\" data-link=\"http:\/\/www.hancerliasm.com\/index.php\/homepage\/kanser\/\" class=\"wp-image-1824\"\/><\/a><\/div><\/div><div class=\"service-content\"><div class=\"service-content-wrap\"><a href=\"http:\/\/www.hancerliasm.com\/index.php\/homepage\/koruyucu-saglik\/\"><h3 class=\"service-title\">Koruyucu Sa\u011fl\u0131k Hizmetleri<\/h3><\/a><p class=\"service-description\">Ba\u011f\u0131\u015f\u0131klama Hizmetleri<br\/>Bebek Sa\u011fl\u0131\u011f\u0131 Hizmetleri<br\/>\u00c7ocuk Sa\u011fl\u0131\u011f\u0131 Hizmetleri<br\/>Gebe Lohusa Sa\u011fl\u0131\u011f\u0131 Hizmetleri<br\/>Aile Planlamas\u0131 Hizmetleri<\/p><\/div><\/div><\/div>\n<\/div>\n\n\n\n<div class=\"wp-block-column is-layout-flow wp-block-column-is-layout-flow\">\n<div class=\"wp-block-citadela-blocks-service citadela-block-service main-holder layout-box header-type-image standard\"><div class=\"service-header\"><div class=\"service-image\"><a href=\"http:\/\/www.hancerliasm.com\/index.php\/ekg\/\"><img loading=\"lazy\" decoding=\"async\" src=\"http:\/\/www.hancerliasm.com\/wp-content\/uploads\/2026\/03\/EKG.png\" alt=\"\" width=\"1170\" height=\"795\" data-id=\"1823\" data-full-url=\"http:\/\/www.hancerliasm.com\/wp-content\/uploads\/2026\/03\/EKG.png\" data-link=\"http:\/\/www.hancerliasm.com\/index.php\/homepage\/ekg\/\" class=\"wp-image-1823\" srcset=\"http:\/\/www.hancerliasm.com\/wp-content\/uploads\/2026\/03\/EKG.png 1170w, http:\/\/www.hancerliasm.com\/wp-content\/uploads\/2026\/03\/EKG-300x204.png 300w, http:\/\/www.hancerliasm.com\/wp-content\/uploads\/2026\/03\/EKG-1024x696.png 1024w, http:\/\/www.hancerliasm.com\/wp-content\/uploads\/2026\/03\/EKG-768x522.png 768w\" sizes=\"auto, (max-width: 1170px) 100vw, 1170px\" \/><\/a><\/div><\/div><div class=\"service-content\"><div class=\"service-content-wrap\"><a href=\"http:\/\/www.hancerliasm.com\/index.php\/ekg\/\"><h3 class=\"service-title\">Tan\u0131 Ara\u00e7lar\u0131<\/h3><\/a><p class=\"service-description\">Labaratuar<br\/>EKG<\/p><\/div><\/div><\/div>\n<\/div>\n\n\n\n<div class=\"wp-block-column is-layout-flow wp-block-column-is-layout-flow\">\n<div class=\"wp-block-citadela-blocks-service citadela-block-service main-holder layout-box header-type-image standard\"><div class=\"service-header\"><div class=\"service-image\"><a href=\"http:\/\/www.hancerliasm.com\/index.php\/saglik-egitimi-hizmetleri\/\"><img loading=\"lazy\" decoding=\"async\" src=\"http:\/\/www.hancerliasm.com\/wp-content\/uploads\/2019\/10\/pregnancy.jpg\" alt=\"\" width=\"1024\" height=\"670\" data-id=\"123\" data-full-url=\"http:\/\/www.hancerliasm.com\/wp-content\/uploads\/2019\/10\/pregnancy.jpg\" data-link=\"http:\/\/www.hancerliasm.com\/pregnancy\/\" class=\"wp-image-123\" srcset=\"http:\/\/www.hancerliasm.com\/wp-content\/uploads\/2019\/10\/pregnancy.jpg 1024w, http:\/\/www.hancerliasm.com\/wp-content\/uploads\/2019\/10\/pregnancy-300x196.jpg 300w, http:\/\/www.hancerliasm.com\/wp-content\/uploads\/2019\/10\/pregnancy-768x503.jpg 768w\" sizes=\"auto, (max-width: 1024px) 100vw, 1024px\" \/><\/a><\/div><\/div><div class=\"service-content\"><div class=\"service-content-wrap\"><a href=\"http:\/\/www.hancerliasm.com\/index.php\/saglik-egitimi-hizmetleri\/\"><h3 class=\"service-title\">Sa\u011fl\u0131k E\u011fitimi Hizmetleri<\/h3><\/a><p class=\"service-description\">Aile Planlamas\u0131 E\u011fitimi<br\/>Koruyucu Sa\u011fl\u0131k\u00a0E\u011fitimi<br\/>Bebek emzirme ve beslenme\u00a0E\u011fitimi<br\/>Hizmet i\u00e7i\u00a0E\u011fitimi<br\/>Halk\u00a0E\u011fitimi<\/p><\/div><\/div><\/div>\n<\/div>\n<\/div>\n<\/div><\/div>\n\n\n\n<p><\/p>\n","protected":false},"excerpt":{"rendered":"","protected":false},"author":1,"featured_media":0,"parent":0,"menu_order":0,"comment_status":"closed","ping_status":"open","template":"","meta":{"_citadela_hide_page_title":"1","_citadela_remove_header_space":"1","_citadela_custom_class":"","_citadela_half_map_provider":"","_citadela_half_map_theme":"","_citadela_half_map_themeOSM":"","_citadela_half_map_customTheme":"","_citadela_half_map_dataType":"","_citadela_half_map_dynamicTrack":false,"_citadela_half_map_trackColor":"","_citadela_half_map_trackEndpointsColor":"","_citadela_half_map_filterCategory":"","_citadela_half_map_filterLocation":"","_citadela_half_map_filterFeatured":false,"_citadela_half_map_noDataBehavior":"empty-map","_citadela_half_map_noDataText":"","_citadela_half_map_clusterGridSize":80,"_citadela_header":false,"_citadela_header_over_content":false,"_citadela_header_text_color":"","_citadela_header_logo":[],"_citadela_header_bg_image":[],"_citadela_header_bg_position":[],"_citadela_header_bg_size":"","_citadela_header_bg_repeat":"","_citadela_header_bg_fixed":false,"_citadela_header_bg_color":"","_citadela_header_bg_image_overlay":"","_citadela_header_transparent_bg":false,"_citadela_content_width":"","_citadela_half_layout_position":"","footnotes":""},"class_list":["post-2","page","type-page","status-publish","hentry"],"_links":{"self":[{"href":"http:\/\/www.hancerliasm.com\/index.php\/wp-json\/wp\/v2\/pages\/2","targetHints":{"allow":["GET"]}}],"collection":[{"href":"http:\/\/www.hancerliasm.com\/index.php\/wp-json\/wp\/v2\/pages"}],"about":[{"href":"http:\/\/www.hancerliasm.com\/index.php\/wp-json\/wp\/v2\/types\/page"}],"author":[{"embeddable":true,"href":"http:\/\/www.hancerliasm.com\/index.php\/wp-json\/wp\/v2\/users\/1"}],"replies":[{"embeddable":true,"href":"http:\/\/www.hancerliasm.com\/index.php\/wp-json\/wp\/v2\/comments?post=2"}],"version-history":[{"count":13,"href":"http:\/\/www.hancerliasm.com\/index.php\/wp-json\/wp\/v2\/pages\/2\/revisions"}],"predecessor-version":[{"id":1838,"href":"http:\/\/www.hancerliasm.com\/index.php\/wp-json\/wp\/v2\/pages\/2\/revisions\/1838"}],"wp:attachment":[{"href":"http:\/\/www.hancerliasm.com\/index.php\/wp-json\/wp\/v2\/media?parent=2"}],"curies":[{"name":"wp","href":"https:\/\/api.w.org\/{rel}","templated":true}]}}